{"id":143,"date":"2025-04-20T03:15:28","date_gmt":"2025-04-20T03:15:28","guid":{"rendered":"https:\/\/caminodeolivos.com\/?page_id=143"},"modified":"2025-05-05T03:59:10","modified_gmt":"2025-05-05T03:59:10","slug":"servicios","status":"publish","type":"page","link":"https:\/\/caminodeolivos.com\/?page_id=143","title":{"rendered":""},"content":{"rendered":"\n<div class=\"wp-block-cover alignfull is-light\" style=\"padding-top:var(--wp--preset--spacing--30);padding-right:var(--wp--preset--spacing--30);padding-bottom:var(--wp--preset--spacing--30);padding-left:var(--wp--preset--spacing--30);min-height:200px;aspect-ratio:unset;\"><span aria-hidden=\"true\" class=\"wp-block-cover__background has-black-background-color has-background-dim\"><\/span><div class=\"wp-block-cover__inner-container has-global-padding is-layout-constrained wp-container-core-cover-is-layout-23b1a4dc wp-block-cover-is-layout-constrained\">\n<div class=\"wp-block-group has-global-padding is-layout-constrained wp-block-group-is-layout-constrained\"><div class=\"aligncenter is-style-default wp-block-site-logo\"><a href=\"https:\/\/caminodeolivos.com\/\" class=\"custom-logo-link\" rel=\"home\"><img loading=\"lazy\" decoding=\"async\" width=\"130\" height=\"145\" src=\"https:\/\/caminodeolivos.com\/wp-content\/uploads\/2025\/04\/Logo-Olivos-final-1.png\" class=\"custom-logo\" alt=\"    Hotel Camino de Olivos\" \/><\/a><\/div><\/div>\n\n\n<h1 style=\"font-style:normal;font-weight:700;\" class=\"has-text-align-center has-link-color wp-elements-44754a598e83fbf44c04bf29d7d0e63d wp-block-site-title has-text-color has-white-color has-large-font-size has-body-font-family\"><a href=\"https:\/\/caminodeolivos.com\" target=\"_self\" rel=\"home\">    Hotel Camino de Olivos<\/a><\/h1>\n\n\n<div class=\"wp-block-group has-global-padding is-layout-constrained wp-block-group-is-layout-constrained\">\n<div class=\"wp-block-columns is-layout-flex wp-container-core-columns-is-layout-28f84493 wp-block-columns-is-layout-flex\">\n<div class=\"wp-block-column is-layout-flow wp-block-column-is-layout-flow\" style=\"flex-basis:100%\"><nav style=\"font-size:0rem;\" class=\"has-text-color has-base-color items-justified-center wp-block-navigation is-horizontal is-content-justification-center is-layout-flex wp-container-core-navigation-is-layout-af2e513b wp-block-navigation-is-layout-flex\" aria-label=\"HotelHut Menu\"><ul style=\"font-size:0rem;\" class=\"wp-block-navigation__container has-text-color has-base-color items-justified-center wp-block-navigation\"><li style=\"font-size: 0rem; text-transform:capitalize;\" class=\" wp-block-navigation-item wp-block-navigation-link has-small-font-size\"><a class=\"wp-block-navigation-item__content\"  href=\"https:\/\/caminodeolivos.com\/\"><span class=\"wp-block-navigation-item__label\">Inicio<\/span><\/a><\/li><li style=\"font-size: 0rem;\" class=\" wp-block-navigation-item wp-block-navigation-link has-small-font-size\"><a class=\"wp-block-navigation-item__content\"  href=\"https:\/\/caminodeolivos.com\/?page_id=56\"><span class=\"wp-block-navigation-item__label\">Habitaciones<\/span><\/a><\/li><li style=\"font-size: 0rem;\" class=\" wp-block-navigation-item wp-block-navigation-link has-small-font-size\"><a class=\"wp-block-navigation-item__content\"  href=\"https:\/\/caminodeolivos.com\/?page_id=143\"><span class=\"wp-block-navigation-item__label\">Servicios<\/span><\/a><\/li><li style=\"font-size: 0rem;\" class=\" wp-block-navigation-item is-style-default wp-block-navigation-link has-small-font-size\"><a class=\"wp-block-navigation-item__content\"  href=\"https:\/\/caminodeolivos.com\/?page_id=335\"><span class=\"wp-block-navigation-item__label\">Reservaciones<\/span><\/a><\/li><li style=\"font-size: 0rem;\" class=\" wp-block-navigation-item wp-block-navigation-link has-small-font-size\"><a class=\"wp-block-navigation-item__content\"  href=\"https:\/\/caminodeolivos.com\/?page_id=147\"><span class=\"wp-block-navigation-item__label\">Contacto<\/span><\/a><\/li><\/ul><\/nav><\/div>\n<\/div>\n<\/div>\n<\/div><\/div>\n\n\n\n<div class=\"wp-block-essential-blocks-wrapper alignfull  root-eb-wrapper-vw3ka06\"><div class=\"eb-parent-wrapper eb-parent-eb-wrapper-vw3ka06 \"><div class=\"eb-wrapper-outer eb-wrapper-vw3ka06\"><div class=\"eb-wrapper-inner\"><div class=\"eb-wrapper-inner-blocks eb-wrapper-align-center\">\n<div class=\"wp-block-essential-blocks-advanced-heading root-eb-advance-heading-yt2342w\"><div class=\"eb-parent-wrapper eb-parent-eb-advance-heading-yt2342w \"><div class=\"eb-advance-heading-wrapper eb-advance-heading-yt2342w button-1 undefined\" data-id=\"eb-advance-heading-yt2342w\"><h2 class=\"eb-ah-title\"><span class=\"first-title\">Servicios<\/span><\/h2><div class=\"eb-ah-separator line\"><\/div><\/div><\/div><\/div>\n\n\n\n<div class=\"wp-block-essential-blocks-advanced-heading root-eb-advance-heading-6tmxaqp\"><div class=\"eb-parent-wrapper eb-parent-eb-advance-heading-6tmxaqp \"><div class=\"eb-advance-heading-wrapper eb-advance-heading-6tmxaqp button-1 undefined\" data-id=\"eb-advance-heading-6tmxaqp\"><h2 class=\"eb-ah-title\"><span class=\"first-title\"><\/span><\/h2><p class=\"eb-ah-subtitle\"><\/p><\/div><\/div><\/div>\n<\/div><\/div><\/div><\/div><\/div>\n\n\n\n<div class=\"wp-block-essential-blocks-wrapper alignfull  root-eb-wrapper-43yxcl0\"><div class=\"eb-parent-wrapper eb-parent-eb-wrapper-43yxcl0 \"><div class=\"eb-wrapper-outer eb-wrapper-43yxcl0\"><div class=\"eb-wrapper-inner\"><div class=\"eb-wrapper-inner-blocks eb-wrapper-align-center\">\n<div class=\"wp-block-essential-blocks-wrapper alignfull  root-eb-wrapper-fyketgf\"><div class=\"eb-parent-wrapper eb-parent-eb-wrapper-fyketgf eb_animation eb___animated eb___fadeInDown\"><div class=\"eb-wrapper-outer eb-wrapper-fyketgf\"><div class=\"eb-wrapper-inner\"><div class=\"eb-wrapper-inner-blocks eb-wrapper-align-center\">\n<div class=\"wp-block-essential-blocks-advanced-heading hotelhutcopytext root-eb-advance-heading-8q2rx3h\"><div class=\"eb-parent-wrapper eb-parent-eb-advance-heading-8q2rx3h \"><div class=\"eb-advance-heading-wrapper eb-advance-heading-8q2rx3h button-1 undefined\" data-id=\"eb-advance-heading-8q2rx3h\"><h2 class=\"eb-ah-title\"><span class=\"first-title\">Comodidades para tu estancia perfecta<\/span><\/h2><div class=\"eb-ah-separator line\"><\/div><\/div><\/div><\/div>\n\n\n\n<div class=\"wp-block-essential-blocks-advanced-heading root-eb-advance-heading-unuyxus\"><div class=\"eb-parent-wrapper eb-parent-eb-advance-heading-unuyxus \"><div class=\"eb-advance-heading-wrapper eb-advance-heading-unuyxus button-1 undefined\" data-id=\"eb-advance-heading-unuyxus\"><h2 class=\"eb-ah-title\"><span class=\"first-title\"><\/span><\/h2><p class=\"eb-ah-subtitle\">En Hotel Camino de Olivos te damos la bienvenida con una cuidada selecci\u00f3n de amenidades pensadas para ofrecerte comodidad, descanso y momentos \u00fanicos que har\u00e1n de tu visita una experiencia memorable.<\/p><\/div><\/div><\/div>\n\n\n\n<div class=\"wp-block-columns is-layout-flex wp-container-core-columns-is-layout-28f84493 wp-block-columns-is-layout-flex\">\n<div class=\"wp-block-column is-layout-flow wp-block-column-is-layout-flow\"><\/div>\n<\/div>\n<\/div><\/div><\/div><\/div><\/div>\n\n\n\n<div class=\"wp-block-columns is-layout-flex wp-container-core-columns-is-layout-28f84493 wp-block-columns-is-layout-flex\">\n<div class=\"wp-block-column is-layout-flow wp-block-column-is-layout-flow\" style=\"flex-basis:33.33%\">\n<figure class=\"wp-block-image size-full\"><img loading=\"lazy\" decoding=\"async\" width=\"2560\" height=\"1707\" src=\"https:\/\/caminodeolivos.com\/wp-content\/uploads\/2025\/05\/@javierblanco.foto_4395-scaled.webp\" alt=\"\" class=\"wp-image-443\" srcset=\"https:\/\/caminodeolivos.com\/wp-content\/uploads\/2025\/05\/@javierblanco.foto_4395-scaled.webp 2560w, https:\/\/caminodeolivos.com\/wp-content\/uploads\/2025\/05\/@javierblanco.foto_4395-300x200.webp 300w, https:\/\/caminodeolivos.com\/wp-content\/uploads\/2025\/05\/@javierblanco.foto_4395-1024x683.webp 1024w, https:\/\/caminodeolivos.com\/wp-content\/uploads\/2025\/05\/@javierblanco.foto_4395-768x512.webp 768w, https:\/\/caminodeolivos.com\/wp-content\/uploads\/2025\/05\/@javierblanco.foto_4395-1536x1024.webp 1536w, https:\/\/caminodeolivos.com\/wp-content\/uploads\/2025\/05\/@javierblanco.foto_4395-2048x1366.webp 2048w\" sizes=\"auto, (max-width: 2560px) 100vw, 2560px\" \/><\/figure>\n<\/div>\n\n\n\n<div class=\"wp-block-column is-layout-flow wp-block-column-is-layout-flow\" style=\"flex-basis:66.66%\">\n<p class=\"has-large-font-size\"><strong>Cafeter\u00eda<\/strong><\/p>\n\n\n\n<p class=\"has-medium-font-size\">Disfruta de una deliciosa taza de caf\u00e9 sin salir del hotel. Nuestra cafeter\u00eda ofrece un ambiente acogedor y una variedad de bebidas y bocadillos para empezar bien el d\u00eda o tomar un merecido descanso.<\/p>\n<\/div>\n<\/div>\n\n\n\n<div class=\"wp-block-columns is-layout-flex wp-container-core-columns-is-layout-28f84493 wp-block-columns-is-layout-flex\">\n<div class=\"wp-block-column is-layout-flow wp-block-column-is-layout-flow\" style=\"flex-basis:66.66%\">\n<p class=\"has-large-font-size\"><strong>Estacionamiento<\/strong><\/p>\n\n\n\n<p class=\"has-medium-font-size\">Tu comodidad es nuestra prioridad: contamos con estacionamiento dentro del alojamiento para que tu veh\u00edculo est\u00e9 seguro y siempre cerca de ti.<\/p>\n<\/div>\n\n\n\n<div class=\"wp-block-column is-layout-flow wp-block-column-is-layout-flow\" style=\"flex-basis:33.33%\">\n<figure class=\"wp-block-image size-full\"><img loading=\"lazy\" decoding=\"async\" width=\"2160\" height=\"1215\" src=\"https:\/\/caminodeolivos.com\/wp-content\/uploads\/2025\/05\/16.webp\" alt=\"\" class=\"wp-image-444\" srcset=\"https:\/\/caminodeolivos.com\/wp-content\/uploads\/2025\/05\/16.webp 2160w, https:\/\/caminodeolivos.com\/wp-content\/uploads\/2025\/05\/16-300x169.webp 300w, https:\/\/caminodeolivos.com\/wp-content\/uploads\/2025\/05\/16-1024x576.webp 1024w, https:\/\/caminodeolivos.com\/wp-content\/uploads\/2025\/05\/16-768x432.webp 768w, https:\/\/caminodeolivos.com\/wp-content\/uploads\/2025\/05\/16-1536x864.webp 1536w, https:\/\/caminodeolivos.com\/wp-content\/uploads\/2025\/05\/16-2048x1152.webp 2048w\" sizes=\"auto, (max-width: 2160px) 100vw, 2160px\" \/><\/figure>\n<\/div>\n<\/div>\n\n\n\n<div class=\"wp-block-columns is-layout-flex wp-container-core-columns-is-layout-28f84493 wp-block-columns-is-layout-flex\">\n<div class=\"wp-block-column is-layout-flow wp-block-column-is-layout-flow\" style=\"flex-basis:33.33%\">\n<figure class=\"wp-block-image size-full\"><img loading=\"lazy\" decoding=\"async\" width=\"2160\" height=\"1215\" src=\"https:\/\/caminodeolivos.com\/wp-content\/uploads\/2025\/05\/4.webp\" alt=\"\" class=\"wp-image-445\" srcset=\"https:\/\/caminodeolivos.com\/wp-content\/uploads\/2025\/05\/4.webp 2160w, https:\/\/caminodeolivos.com\/wp-content\/uploads\/2025\/05\/4-300x169.webp 300w, https:\/\/caminodeolivos.com\/wp-content\/uploads\/2025\/05\/4-1024x576.webp 1024w, https:\/\/caminodeolivos.com\/wp-content\/uploads\/2025\/05\/4-768x432.webp 768w, https:\/\/caminodeolivos.com\/wp-content\/uploads\/2025\/05\/4-1536x864.webp 1536w, https:\/\/caminodeolivos.com\/wp-content\/uploads\/2025\/05\/4-2048x1152.webp 2048w\" sizes=\"auto, (max-width: 2160px) 100vw, 2160px\" \/><\/figure>\n<\/div>\n\n\n\n<div class=\"wp-block-column is-layout-flow wp-block-column-is-layout-flow\" style=\"flex-basis:66.66%\">\n<p class=\"has-large-font-size\"><strong>WiFi<\/strong><\/p>\n\n\n\n<p class=\"has-medium-font-size\">Con\u00e9ctate cuando lo necesites: disfruta de Wi-Fi gratuito en todo el hotel para trabajar, compartir y estar siempre en l\u00ednea.<\/p>\n<\/div>\n<\/div>\n\n\n\n<div class=\"wp-block-columns is-layout-flex wp-container-core-columns-is-layout-28f84493 wp-block-columns-is-layout-flex\">\n<div class=\"wp-block-column is-layout-flow wp-block-column-is-layout-flow\" style=\"flex-basis:66.66%\">\n<p class=\"has-large-font-size\"><strong>Jard\u00edn y \u00e1reas verdes<\/strong><\/p>\n\n\n\n<p class=\"has-medium-font-size\">Rel\u00e1jate y respira naturaleza: nuestras amplias \u00e1reas verdes te invitan a desconectar, caminar <\/p>\n\n\n\n<p class=\"has-medium-font-size\">y disfrutar de la tranquilidad al aire libre.<\/p>\n<\/div>\n\n\n\n<div class=\"wp-block-column is-layout-flow wp-block-column-is-layout-flow\" style=\"flex-basis:33.33%\">\n<figure class=\"wp-block-image size-full\"><img loading=\"lazy\" decoding=\"async\" width=\"2160\" height=\"1215\" src=\"https:\/\/caminodeolivos.com\/wp-content\/uploads\/2025\/05\/15.webp\" alt=\"\" class=\"wp-image-446\" srcset=\"https:\/\/caminodeolivos.com\/wp-content\/uploads\/2025\/05\/15.webp 2160w, https:\/\/caminodeolivos.com\/wp-content\/uploads\/2025\/05\/15-300x169.webp 300w, https:\/\/caminodeolivos.com\/wp-content\/uploads\/2025\/05\/15-1024x576.webp 1024w, https:\/\/caminodeolivos.com\/wp-content\/uploads\/2025\/05\/15-768x432.webp 768w, https:\/\/caminodeolivos.com\/wp-content\/uploads\/2025\/05\/15-1536x864.webp 1536w, https:\/\/caminodeolivos.com\/wp-content\/uploads\/2025\/05\/15-2048x1152.webp 2048w\" sizes=\"auto, (max-width: 2160px) 100vw, 2160px\" \/><\/figure>\n<\/div>\n<\/div>\n<\/div><\/div><\/div><\/div><\/div>\n\n\n\n<p><\/p>\n","protected":false},"excerpt":{"rendered":"","protected":false},"author":1,"featured_media":0,"parent":146,"menu_order":0,"comment_status":"closed","ping_status":"closed","template":"templately_header_footer","meta":{"_eb_attr":"","footnotes":""},"class_list":["post-143","page","type-page","status-publish","hentry"],"_links":{"self":[{"href":"https:\/\/caminodeolivos.com\/index.php?rest_route=\/wp\/v2\/pages\/143","targetHints":{"allow":["GET"]}}],"collection":[{"href":"https:\/\/caminodeolivos.com\/index.php?rest_route=\/wp\/v2\/pages"}],"about":[{"href":"https:\/\/caminodeolivos.com\/index.php?rest_route=\/wp\/v2\/types\/page"}],"author":[{"embeddable":true,"href":"https:\/\/caminodeolivos.com\/index.php?rest_route=\/wp\/v2\/users\/1"}],"replies":[{"embeddable":true,"href":"https:\/\/caminodeolivos.com\/index.php?rest_route=%2Fwp%2Fv2%2Fcomments&post=143"}],"version-history":[{"count":19,"href":"https:\/\/caminodeolivos.com\/index.php?rest_route=\/wp\/v2\/pages\/143\/revisions"}],"predecessor-version":[{"id":660,"href":"https:\/\/caminodeolivos.com\/index.php?rest_route=\/wp\/v2\/pages\/143\/revisions\/660"}],"up":[{"embeddable":true,"href":"https:\/\/caminodeolivos.com\/index.php?rest_route=\/wp\/v2\/pages\/146"}],"wp:attachment":[{"href":"https:\/\/caminodeolivos.com\/index.php?rest_route=%2Fwp%2Fv2%2Fmedia&parent=143"}],"curies":[{"name":"wp","href":"https:\/\/api.w.org\/{rel}","templated":true}]}}